{"id":27,"date":"2017-08-24T07:18:32","date_gmt":"2017-08-24T07:18:32","guid":{"rendered":"http:\/\/mhzenerji.com\/?page_id=27"},"modified":"2019-01-10T13:48:45","modified_gmt":"2019-01-10T13:48:45","slug":"cala-hes","status":"publish","type":"page","link":"https:\/\/mhzenerji.com\/?page_id=27","title":{"rendered":"CALA HES"},"content":{"rendered":"<p><strong>CALA HES<\/strong><\/p>\n<p style=\"line-height: 21.6pt; background: white; margin: 0cm 0cm 12.0pt 0cm;\"><span style=\"font-size: 13.5pt; font-family: 'Source Sans Pro',serif; color: #555555;\">Mhz Enerji \u00dcretim Tic. San. A. \u015e. taraf\u0131ndan \u00c7oruh havzas\u0131 Artvin \u0130li, Yusufeli \u0130l\u00e7esi, Dokumac\u0131lar ve Y\u00fcnc\u00fcler k\u00f6y\u00fc s\u0131n\u0131rlar\u0131 i\u00e7erisinde Hungemek Deresi \u00fczerinde bulunan Cala Reg\u00fclat\u00f6r\u00fc ve Hidro Elektrik santralinin in\u015faat\u0131 Hald\u0131z \u0130n\u015faat taraf\u0131ndan tamamlan\u0131p 2018 y\u0131l\u0131nda enerji \u00fcretimine ba\u015flam\u0131\u015ft\u0131r. Proje 15,636 MWe \u00fczeri olan nehir tipi santraller kapsam\u0131nda de\u011ferlendirilmekte olup proje kapsam\u0131nda; Reg\u00fclat\u00f6r, T1 \u00e7\u00f6keltim havuzu, Y\u00fckleme havuzu ve Santral Binas\u0131 olmak \u00fczere 4 ana b\u00f6l\u00fcmden olu\u015fan tesisler in\u015faa edilmi\u015ftir. Y\u0131ll\u0131k 50 milyon kWh \u00fcretim sa\u011flanmas\u0131 hedeflenmektedir.<\/span><\/p>\n<div id=\"grid-gallery-1-20616\" data-gg-id=\"1\" data-title=\"CALA HES\" data-grid-type=\"0\" data-offset=\"5.3\" data-area-position=\"center\" data-icons=\"\" data-preloader=\"true\" data-width=\"215\" data-height=\"215\" data-padding=\"0\" data-quicksand=\"disabled\" data-quicksand-duration=\"1800\" data-popup-theme=\"theme_6\" data-popup-type=\"pretty-photo\" data-popup-image-text=\"data-description\" data-popup-widthsize=\"auto\" data-popup-heightsize=\"auto\" data-popup-i18n-words=\"{&quot;close&quot;:&quot;close&quot;,&quot;next&quot;:&quot;next&quot;,&quot;previous&quot;:&quot;previous&quot;,&quot;start_slideshow&quot;:&quot;start slideshow&quot;,&quot;stop_slideshow&quot;:&quot;stop slideshow&quot;,&quot;image&quot;:&quot;image&quot;,&quot;of&quot;:&quot;of&quot;,&quot;prev&quot;:&quot;prev&quot;,&quot;cExpand&quot;:&quot;Expand&quot;,&quot;cPrevious&quot;:&quot;Previous&quot;,&quot;cNext&quot;:&quot;Sonraki&quot;,&quot;cExpandStr&quot;:&quot;Expand the image&quot;,&quot;cRotate&quot;:&quot;Rotate&quot;,&quot;cDetails&quot;:&quot;Details&quot;}\" data-popup-slideshow=\"false\" data-popup-slideshow-speed=\"2500\" data-popup-hoverstop=\"false\" data-popup-slideshow-auto=\"false\" data-popup-background=\"\" data-popup-transparency=\"30\" data-popup-disable-history=\"\" data-popup-disable-changed-url=\"\" data-popup-border-type=\"\" data-popup-border-color=\"\" data-popup-border-width=\"\" data-popup-border-enable=\"\" data-fullscreen=\"false\" data-hide-tooltip=\"false\" data-caption-font-family=\"Default\" data-caption-text-size=\"140\" data-is-mobile=\"0\" data-caption-mobile=\"false\" data-hide-long-tltp-title=\"0\" data-caption-disabled-on-mobile=\"false\" data-popup-placement-type=\"0\" data-social-sharing=\"{&quot;enabled&quot;:&quot;&quot;,&quot;gallerySharing&quot;:{&quot;enabled&quot;:null,&quot;position&quot;:null},&quot;imageSharing&quot;:{&quot;enabled&quot;:null,&quot;wrapperClass&quot;:&quot; vertical &quot;},&quot;popupSharing&quot;:{&quot;enabled&quot;:null,&quot;wrapperClass&quot;:&quot; vertical &quot;}}\" class=\"grid-gallery grid-gallery-fixed \" style=\" width:100%; height:auto; margin-left:auto; margin-right:auto;position:relative;\"> <div class=\"gallery-loading\"> <div class=\"blocks\"> <div class=\"block\"><\/div> <div class=\"block\"><\/div> <div class=\"block\"><\/div> <div class=\"block\"><\/div> <\/div> <\/div> <div class=\"gallery-sharing-top\" style=\"display:none;\"> <\/div> <div id=\"photos-1\" class=\"grid-gallery-photos\"><FIGURE class=\"grid-gallery-caption\" data-grid-gallery-type=\"quarter-slide-up\" data-index=\"0\" style=\"display:none;border-radius:00;; margin:5.3px; width:2150;\" ><div class=\"crop\" style=\" width:2150; height:2150; overflow:hidden;\"><img decoding=\"async\" src=\"https:\/\/mhzenerji.com\/wp-content\/uploads\/2019\/01\/calahes17-215x215.jpg\" class=\"ggImg\" alt=\"calahes17\" title=\"calahes17\" data-description=\"calahes17\" data-caption=\"calahes17\" data-title=\"calahes17\" style=\" width:215px; height:215px;\" \/><\/div><FIGCAPTION class=\"\" data-alpha=\"5\" style=\"color:#ffffff; background-color:#6f0000; font-size:140; text-align:2; font-family:Default;\" ><div class=\"grid-gallery-figcaption-wrap\" style=\"\"><\/div><\/FIGCAPTION><\/FIGURE><FIGURE class=\"grid-gallery-caption\" data-grid-gallery-type=\"quarter-slide-up\" data-index=\"1\" style=\"display:none;border-radius:00;; margin:5.3px; width:2150;\" ><div class=\"crop\" style=\" width:2150; height:2150; overflow:hidden;\"><img decoding=\"async\" src=\"https:\/\/mhzenerji.com\/wp-content\/uploads\/2019\/01\/calahes18-215x215.jpg\" class=\"ggImg\" alt=\"calahes18\" title=\"calahes18\" data-description=\"calahes18\" data-caption=\"calahes18\" data-title=\"calahes18\" style=\" width:215px; height:215px;\" \/><\/div><FIGCAPTION class=\"\" data-alpha=\"5\" style=\"color:#ffffff; background-color:#6f0000; font-size:140; text-align:2; font-family:Default;\" ><div class=\"grid-gallery-figcaption-wrap\" style=\"\"><\/div><\/FIGCAPTION><\/FIGURE><FIGURE class=\"grid-gallery-caption\" data-grid-gallery-type=\"quarter-slide-up\" data-index=\"2\" style=\"display:none;border-radius:00;; margin:5.3px; width:2150;\" ><div class=\"crop\" style=\" width:2150; height:2150; overflow:hidden;\"><img decoding=\"async\" src=\"https:\/\/mhzenerji.com\/wp-content\/uploads\/2019\/01\/calahes19-215x215.jpg\" class=\"ggImg\" alt=\"calahes19\" title=\"calahes19\" data-description=\"calahes19\" data-caption=\"calahes19\" data-title=\"calahes19\" style=\" width:215px; height:215px;\" \/><\/div><FIGCAPTION class=\"\" data-alpha=\"5\" style=\"color:#ffffff; background-color:#6f0000; font-size:140; text-align:2; font-family:Default;\" ><div class=\"grid-gallery-figcaption-wrap\" style=\"\"><\/div><\/FIGCAPTION><\/FIGURE><FIGURE class=\"grid-gallery-caption\" data-grid-gallery-type=\"quarter-slide-up\" data-index=\"3\" style=\"display:none;border-radius:00;; margin:5.3px; width:2150;\" ><div class=\"crop\" style=\" width:2150; height:2150; overflow:hidden;\"><img decoding=\"async\" src=\"https:\/\/mhzenerji.com\/wp-content\/uploads\/2019\/01\/calahes21-215x215.jpg\" class=\"ggImg\" alt=\"calahes21\" title=\"calahes21\" data-description=\"calahes21\" data-caption=\"calahes21\" data-title=\"calahes21\" style=\" width:215px; height:215px;\" \/><\/div><FIGCAPTION class=\"\" data-alpha=\"5\" style=\"color:#ffffff; background-color:#6f0000; font-size:140; text-align:2; font-family:Default;\" ><div class=\"grid-gallery-figcaption-wrap\" style=\"\"><\/div><\/FIGCAPTION><\/FIGURE><FIGURE class=\"grid-gallery-caption\" data-grid-gallery-type=\"quarter-slide-up\" data-index=\"4\" style=\"display:none;border-radius:00;; margin:5.3px; width:2150;\" ><div class=\"crop\" style=\" width:2150; height:2150; overflow:hidden;\"><img decoding=\"async\" src=\"https:\/\/mhzenerji.com\/wp-content\/uploads\/2019\/01\/calahes20-215x215.jpg\" class=\"ggImg\" alt=\"calahes20\" title=\"calahes20\" data-description=\"calahes20\" data-caption=\"calahes20\" data-title=\"calahes20\" style=\" width:215px; height:215px;\" \/><\/div><FIGCAPTION class=\"\" data-alpha=\"5\" style=\"color:#ffffff; background-color:#6f0000; font-size:140; text-align:2; font-family:Default;\" ><div class=\"grid-gallery-figcaption-wrap\" style=\"\"><\/div><\/FIGCAPTION><\/FIGURE><FIGURE class=\"grid-gallery-caption\" data-grid-gallery-type=\"quarter-slide-up\" data-index=\"5\" style=\"display:none;border-radius:00;; margin:5.3px; width:2150;\" ><div class=\"crop\" style=\" width:2150; height:2150; overflow:hidden;\"><img decoding=\"async\" src=\"https:\/\/mhzenerji.com\/wp-content\/uploads\/2019\/01\/calahes22-215x215.jpg\" class=\"ggImg\" alt=\"calahes22\" title=\"calahes22\" data-description=\"calahes22\" data-caption=\"calahes22\" data-title=\"calahes22\" style=\" width:215px; height:215px;\" \/><\/div><FIGCAPTION class=\"\" data-alpha=\"5\" style=\"color:#ffffff; background-color:#6f0000; font-size:140; text-align:2; font-family:Default;\" ><div class=\"grid-gallery-figcaption-wrap\" style=\"\"><\/div><\/FIGCAPTION><\/FIGURE><FIGURE class=\"grid-gallery-caption\" data-grid-gallery-type=\"quarter-slide-up\" data-index=\"6\" style=\"display:none;border-radius:00;; margin:5.3px; width:2150;\" ><div class=\"crop\" style=\" width:2150; height:2150; overflow:hidden;\"><img decoding=\"async\" src=\"https:\/\/mhzenerji.com\/wp-content\/uploads\/2017\/08\/calahes8-215x215.jpg\" class=\"ggImg\" alt=\"calahes8\" title=\"calahes8\" data-description=\"calahes8\" data-caption=\"calahes8\" data-title=\"calahes8\" style=\" width:215px; height:215px;\" \/><\/div><FIGCAPTION class=\"\" data-alpha=\"5\" style=\"color:#ffffff; background-color:#6f0000; font-size:140; text-align:2; font-family:Default;\" ><div class=\"grid-gallery-figcaption-wrap\" style=\"\"><\/div><\/FIGCAPTION><\/FIGURE><FIGURE class=\"grid-gallery-caption\" data-grid-gallery-type=\"quarter-slide-up\" data-index=\"7\" style=\"display:none;border-radius:00;; margin:5.3px; width:2150;\" ><div class=\"crop\" style=\" width:2150; height:2150; overflow:hidden;\"><img decoding=\"async\" src=\"https:\/\/mhzenerji.com\/wp-content\/uploads\/2017\/08\/calahes16-215x215.jpg\" class=\"ggImg\" alt=\"calahes16\" title=\"calahes16\" data-description=\"calahes16\" data-caption=\"calahes16\" data-title=\"calahes16\" style=\" width:215px; height:215px;\" \/><\/div><FIGCAPTION class=\"\" data-alpha=\"5\" style=\"color:#ffffff; background-color:#6f0000; font-size:140; text-align:2; font-family:Default;\" ><div class=\"grid-gallery-figcaption-wrap\" style=\"\"><\/div><\/FIGCAPTION><\/FIGURE><FIGURE class=\"grid-gallery-caption\" data-grid-gallery-type=\"quarter-slide-up\" data-index=\"8\" style=\"display:none;border-radius:00;; margin:5.3px; width:2150;\" ><div class=\"crop\" style=\" width:2150; height:2150; overflow:hidden;\"><img decoding=\"async\" src=\"https:\/\/mhzenerji.com\/wp-content\/uploads\/2017\/08\/calahes13-215x215.jpg\" class=\"ggImg\" alt=\"calahes13\" title=\"calahes13\" data-description=\"calahes13\" data-caption=\"calahes13\" data-title=\"calahes13\" style=\" width:215px; height:215px;\" \/><\/div><FIGCAPTION class=\"\" data-alpha=\"5\" style=\"color:#ffffff; background-color:#6f0000; font-size:140; text-align:2; font-family:Default;\" ><div class=\"grid-gallery-figcaption-wrap\" style=\"\"><\/div><\/FIGCAPTION><\/FIGURE><FIGURE class=\"grid-gallery-caption\" data-grid-gallery-type=\"quarter-slide-up\" data-index=\"9\" style=\"display:none;border-radius:00;; margin:5.3px; width:2150;\" ><div class=\"crop\" style=\" width:2150; height:2150; overflow:hidden;\"><img decoding=\"async\" src=\"https:\/\/mhzenerji.com\/wp-content\/uploads\/2017\/08\/calahes14-215x215.jpg\" class=\"ggImg\" alt=\"calahes14\" title=\"calahes14\" data-description=\"calahes14\" data-caption=\"calahes14\" data-title=\"calahes14\" style=\" width:215px; height:215px;\" \/><\/div><FIGCAPTION class=\"\" data-alpha=\"5\" style=\"color:#ffffff; background-color:#6f0000; font-size:140; text-align:2; font-family:Default;\" ><div class=\"grid-gallery-figcaption-wrap\" style=\"\"><\/div><\/FIGCAPTION><\/FIGURE><FIGURE class=\"grid-gallery-caption\" data-grid-gallery-type=\"quarter-slide-up\" data-index=\"10\" style=\"display:none;border-radius:00;; margin:5.3px; width:2150;\" ><div class=\"crop\" style=\" width:2150; height:2150; overflow:hidden;\"><img decoding=\"async\" src=\"https:\/\/mhzenerji.com\/wp-content\/uploads\/2017\/08\/calahes15-215x215.jpg\" class=\"ggImg\" alt=\"calahes15\" title=\"calahes15\" data-description=\"calahes15\" data-caption=\"calahes15\" data-title=\"calahes15\" style=\" width:215px; height:215px;\" \/><\/div><FIGCAPTION class=\"\" data-alpha=\"5\" style=\"color:#ffffff; background-color:#6f0000; font-size:140; text-align:2; font-family:Default;\" ><div class=\"grid-gallery-figcaption-wrap\" style=\"\"><\/div><\/FIGCAPTION><\/FIGURE><FIGURE class=\"grid-gallery-caption\" data-grid-gallery-type=\"quarter-slide-up\" data-index=\"11\" style=\"display:none;border-radius:00;; margin:5.3px; width:2150;\" ><div class=\"crop\" style=\" width:2150; height:2150; overflow:hidden;\"><img decoding=\"async\" src=\"https:\/\/mhzenerji.com\/wp-content\/uploads\/2019\/01\/calahes7-215x215.jpg\" class=\"ggImg\" alt=\"calahes7\" title=\"calahes7\" data-description=\"calahes7\" data-caption=\"calahes7\" data-title=\"calahes7\" style=\" width:215px; height:215px;\" \/><\/div><FIGCAPTION class=\"\" data-alpha=\"5\" style=\"color:#ffffff; background-color:#6f0000; font-size:140; text-align:2; font-family:Default;\" ><div class=\"grid-gallery-figcaption-wrap\" style=\"\"><\/div><\/FIGCAPTION><\/FIGURE><FIGURE class=\"grid-gallery-caption\" data-grid-gallery-type=\"quarter-slide-up\" data-index=\"12\" style=\"display:none;border-radius:00;; margin:5.3px; width:2150;\" ><div class=\"crop\" style=\" width:2150; height:2150; overflow:hidden;\"><img decoding=\"async\" src=\"https:\/\/mhzenerji.com\/wp-content\/uploads\/2019\/01\/calahes9-215x215.jpg\" class=\"ggImg\" alt=\"calahes9\" title=\"calahes9\" data-description=\"calahes9\" data-caption=\"calahes9\" data-title=\"calahes9\" style=\" width:215px; height:215px;\" \/><\/div><FIGCAPTION class=\"\" data-alpha=\"5\" style=\"color:#ffffff; background-color:#6f0000; font-size:140; text-align:2; font-family:Default;\" ><div class=\"grid-gallery-figcaption-wrap\" style=\"\"><\/div><\/FIGCAPTION><\/FIGURE> <div class=\"grid-gallery-clearfix\"><\/div> <\/div> <div class=\"gallery-sharing-bottom\" style=\"display:none;\"> <\/div> <div class=\"gallery-sharing-image\" style=\"display:none;\"> <\/div> <div class=\"gallery-sharing-popup\" style=\"display:none;\"> <\/div> <div class=\"grid-gallery-clearfix\"><\/div> <\/div> <!-- Gallery by Supsystic plugin1.15.23 --><a title=\"WordPress Gallery Plugin\" style=\"display:none;\" href=\"https:\/\/supsystic.com\/plugins\/photo-gallery\/?utm_medium=love_link\" target=\"_blank\">WordPress Gallery Plugin<\/a>\n<p>&nbsp;<\/p>\n<p>&nbsp;<\/p>\n","protected":false},"excerpt":{"rendered":"<p>CALA HES Mhz Enerji \u00dcretim Tic. San. A. \u015e. taraf\u0131ndan \u00c7oruh havzas\u0131 Artvin \u0130li, Yusufeli \u0130l\u00e7esi, Dokumac\u0131lar ve Y\u00fcnc\u00fcler k\u00f6y\u00fc s\u0131n\u0131rlar\u0131 i\u00e7erisinde Hungemek Deresi \u00fczerinde bulunan Cala Reg\u00fclat\u00f6r\u00fc ve Hidro Elektrik santralinin in\u015faat\u0131 Hald\u0131z \u0130n\u015faat taraf\u0131ndan tamamlan\u0131p 2018 y\u0131l\u0131nda enerji \u00fcretimine ba\u015flam\u0131\u015ft\u0131r. Proje 15,636 MWe \u00fczeri olan nehir tipi santraller\u2026<\/p>\n<p> <a class=\"continue-reading-link\" href=\"https:\/\/mhzenerji.com\/?page_id=27\"><span>Devam\u0131n\u0131 Oku<\/span><i class=\"crycon-right-dir\"><\/i><\/a> <\/p>\n","protected":false},"author":1,"featured_media":0,"parent":0,"menu_order":0,"comment_status":"closed","ping_status":"closed","template":"","meta":{"footnotes":""},"_links":{"self":[{"href":"https:\/\/mhzenerji.com\/index.php?rest_route=\/wp\/v2\/pages\/27"}],"collection":[{"href":"https:\/\/mhzenerji.com\/index.php?rest_route=\/wp\/v2\/pages"}],"about":[{"href":"https:\/\/mhzenerji.com\/index.php?rest_route=\/wp\/v2\/types\/page"}],"author":[{"embeddable":true,"href":"https:\/\/mhzenerji.com\/index.php?rest_route=\/wp\/v2\/users\/1"}],"replies":[{"embeddable":true,"href":"https:\/\/mhzenerji.com\/index.php?rest_route=%2Fwp%2Fv2%2Fcomments&post=27"}],"version-history":[{"count":6,"href":"https:\/\/mhzenerji.com\/index.php?rest_route=\/wp\/v2\/pages\/27\/revisions"}],"predecessor-version":[{"id":118,"href":"https:\/\/mhzenerji.com\/index.php?rest_route=\/wp\/v2\/pages\/27\/revisions\/118"}],"wp:attachment":[{"href":"https:\/\/mhzenerji.com\/index.php?rest_route=%2Fwp%2Fv2%2Fmedia&parent=27"}],"curies":[{"name":"wp","href":"https:\/\/api.w.org\/{rel}","templated":true}]}}