{"id":33,"date":"2017-08-24T07:19:33","date_gmt":"2017-08-24T07:19:33","guid":{"rendered":"http:\/\/mhzenerji.com\/?page_id=33"},"modified":"2019-04-02T08:11:18","modified_gmt":"2019-04-02T08:11:18","slug":"iletisim","status":"publish","type":"page","link":"https:\/\/mhzenerji.com\/?page_id=33","title":{"rendered":"\u0130LET\u0130\u015e\u0130M"},"content":{"rendered":"<p><strong><img loading=\"lazy\" decoding=\"async\" class=\"alignnone size-medium wp-image-49 alignleft\" src=\"https:\/\/mhzenerji.com\/wp-content\/uploads\/2017\/08\/iletisim1-300x248.png\" alt=\"iletisim1\" width=\"300\" height=\"248\" srcset=\"https:\/\/mhzenerji.com\/wp-content\/uploads\/2017\/08\/iletisim1-300x248.png 300w, https:\/\/mhzenerji.com\/wp-content\/uploads\/2017\/08\/iletisim1-150x124.png 150w, https:\/\/mhzenerji.com\/wp-content\/uploads\/2017\/08\/iletisim1.png 318w\" sizes=\"(max-width: 300px) 100vw, 300px\" \/>MHZ ENERJ\u0130 \u00dcRET\u0130M T\u0130C. SAN. A.\u015e.<\/strong><br \/>\n<strong>Merkez:<\/strong> Dumlup\u0131nar Mah. Yumurtac\u0131 Abdibey Cad. C Blok<br \/>\nNo: 58\/A No: 1 Kad\u0131k\u00f6y \/ \u0130STANBUL<br \/>\nTel: 0216 998 90 09 Faks: 0216 988 16 42<\/p>\n<p><strong>Tranzon \u0130rtibat Ofisi :<\/strong> Kemerkaya Mah. Kahramanmara\u015f Cad. \u0130pekyolu i\u015f Merkezi<br \/>\nKat: 6 No: 106 Ortahisar\/ TRABZON<br \/>\nTel: 0462 988 04 59 Fax: 0462 321 06 69<\/p>\n<p><strong>Email: info@mhzenerji.com<\/strong><\/p>\n","protected":false},"excerpt":{"rendered":"<p>MHZ ENERJ\u0130 \u00dcRET\u0130M T\u0130C. SAN. A.\u015e. Merkez: Dumlup\u0131nar Mah. Yumurtac\u0131 Abdibey Cad. C Blok No: 58\/A No: 1 Kad\u0131k\u00f6y \/ \u0130STANBUL Tel: 0216 998 90 09 Faks: 0216 988 16 42 Tranzon \u0130rtibat Ofisi : Kemerkaya Mah. Kahramanmara\u015f Cad. \u0130pekyolu i\u015f Merkezi Kat: 6 No: 106 Ortahisar\/ TRABZON Tel: 0462\u2026<\/p>\n<p> <a class=\"continue-reading-link\" href=\"https:\/\/mhzenerji.com\/?page_id=33\"><span>Devam\u0131n\u0131 Oku<\/span><i class=\"crycon-right-dir\"><\/i><\/a> <\/p>\n","protected":false},"author":1,"featured_media":0,"parent":0,"menu_order":0,"comment_status":"closed","ping_status":"closed","template":"","meta":{"footnotes":""},"_links":{"self":[{"href":"https:\/\/mhzenerji.com\/index.php?rest_route=\/wp\/v2\/pages\/33"}],"collection":[{"href":"https:\/\/mhzenerji.com\/index.php?rest_route=\/wp\/v2\/pages"}],"about":[{"href":"https:\/\/mhzenerji.com\/index.php?rest_route=\/wp\/v2\/types\/page"}],"author":[{"embeddable":true,"href":"https:\/\/mhzenerji.com\/index.php?rest_route=\/wp\/v2\/users\/1"}],"replies":[{"embeddable":true,"href":"https:\/\/mhzenerji.com\/index.php?rest_route=%2Fwp%2Fv2%2Fcomments&post=33"}],"version-history":[{"count":14,"href":"https:\/\/mhzenerji.com\/index.php?rest_route=\/wp\/v2\/pages\/33\/revisions"}],"predecessor-version":[{"id":120,"href":"https:\/\/mhzenerji.com\/index.php?rest_route=\/wp\/v2\/pages\/33\/revisions\/120"}],"wp:attachment":[{"href":"https:\/\/mhzenerji.com\/index.php?rest_route=%2Fwp%2Fv2%2Fmedia&parent=33"}],"curies":[{"name":"wp","href":"https:\/\/api.w.org\/{rel}","templated":true}]}}